{"id":10,"date":"2014-10-07T17:44:15","date_gmt":"2014-10-07T20:44:15","guid":{"rendered":"https:\/\/laurapitluk.com.ar\/wps\/?page_id=10"},"modified":"2014-10-10T18:32:37","modified_gmt":"2014-10-10T21:32:37","slug":"homenaje-a-daniel-menendez-vigil","status":"publish","type":"page","link":"https:\/\/laurapitluk.com.ar\/wps\/homenaje-a-daniel-menendez-vigil\/","title":{"rendered":"Homenaje a Daniel Men\u00e9ndez Vigil"},"content":{"rendered":"<p class=\"Estilo5\" align=\"justify\">Hoy 21 de marzo, hace un a\u00f1o, fallec\u00eda nuestro querido amigo y compa\u00f1ero de tareas<em><strong> Daniel Men\u00e9ndez Vigil<\/strong><\/em>.<\/p>\n<p class=\"Estilo5\" align=\"justify\">Pocas cosas producen tanto dolor como la muerte de un amigo, que te despoja de las charlas y confidencias, los proyectos y temores compartidos, los sue\u00f1os y los caf\u00e9s, los viajes y las salidas&#8230; y tantos otros momentos que le dan sentido a la vida.<\/p>\n<p class=\"Estilo5\" align=\"justify\">Pocas cosas movilizan de esta manera las fibras m\u00e1s \u00edntimas de los sentimientos, como el saberse presentes mutuamente y de repente s\u00f3lo contar con el recuerdo del otro; recuerdo que es absolutamente imprescindible para continuar la vida pese a la ausencia y para mantener \u00abvivo\u00bb de alguna manera al amigo ausente, en sus mejores facetas: su sonrisa, su mirada, sus manos, sus ideas, sus luchas, sus logros&#8230;<\/p>\n<p class=\"Estilo5\" align=\"justify\">As\u00ed te mantendremos Daniel, presente en nuestros corazones, en nuestras mentes y en este mundo en el cual continuar\u00e1s estando con nosotras por siempre y para siempre&#8230;<\/p>\n<p class=\"Estilo5\" style=\"text-align: center;\" align=\"justify\">Te queremos y extra\u00f1amos, tus amigas.<\/p>\n<p class=\"Estilo8\" style=\"text-align: center;\">LAURA PITLUK, AMARA GUICHANDUT, SYLVIA PULPEIRO.<\/p>\n<p class=\"Estilo8\" style=\"text-align: center;\"><img decoding=\"async\" loading=\"lazy\" class=\"aligncenter size-full wp-image-337\" src=\"https:\/\/laurapitluk.com.ar\/wps\/wp-content\/uploads\/2014\/10\/homenajeDaniel.jpg\" alt=\"homenajeDaniel\" width=\"497\" height=\"323\" srcset=\"https:\/\/laurapitluk.com.ar\/wps\/wp-content\/uploads\/2014\/10\/homenajeDaniel.jpg 497w, https:\/\/laurapitluk.com.ar\/wps\/wp-content\/uploads\/2014\/10\/homenajeDaniel-300x194.jpg 300w\" sizes=\"(max-width: 497px) 100vw, 497px\" \/><\/p>\n","protected":false},"excerpt":{"rendered":"<p>Hoy 21 de marzo, hace un a\u00f1o, fallec\u00eda nuestro querido amigo y compa\u00f1ero de tareas Daniel Men\u00e9ndez Vigil. Pocas cosas&#46;&#46;&#46;<\/p>\n","protected":false},"author":2,"featured_media":0,"parent":0,"menu_order":0,"comment_status":"closed","ping_status":"closed","template":"","meta":{"ngg_post_thumbnail":0,"footnotes":""},"_links":{"self":[{"href":"https:\/\/laurapitluk.com.ar\/wps\/wp-json\/wp\/v2\/pages\/10"}],"collection":[{"href":"https:\/\/laurapitluk.com.ar\/wps\/wp-json\/wp\/v2\/pages"}],"about":[{"href":"https:\/\/laurapitluk.com.ar\/wps\/wp-json\/wp\/v2\/types\/page"}],"author":[{"embeddable":true,"href":"https:\/\/laurapitluk.com.ar\/wps\/wp-json\/wp\/v2\/users\/2"}],"replies":[{"embeddable":true,"href":"https:\/\/laurapitluk.com.ar\/wps\/wp-json\/wp\/v2\/comments?post=10"}],"version-history":[{"count":4,"href":"https:\/\/laurapitluk.com.ar\/wps\/wp-json\/wp\/v2\/pages\/10\/revisions"}],"predecessor-version":[{"id":338,"href":"https:\/\/laurapitluk.com.ar\/wps\/wp-json\/wp\/v2\/pages\/10\/revisions\/338"}],"wp:attachment":[{"href":"https:\/\/laurapitluk.com.ar\/wps\/wp-json\/wp\/v2\/media?parent=10"}],"curies":[{"name":"wp","href":"https:\/\/api.w.org\/{rel}","templated":true}]}}