{"id":12,"date":"2014-10-07T17:44:49","date_gmt":"2014-10-07T17:44:49","guid":{"rendered":"https:\/\/laurapitluk.com.ar\/wps\/?page_id=12"},"modified":"2014-10-10T19:00:29","modified_gmt":"2014-10-10T22:00:29","slug":"homenaje-a-mi-gallego","status":"publish","type":"page","link":"https:\/\/laurapitluk.com.ar\/wps\/homenaje-a-mi-gallego\/","title":{"rendered":"Homenaje a mi Gallego"},"content":{"rendered":"<p class=\"Estilo49\" style=\"text-align: center;\" align=\"justify\"><div id=\"metaslider-id-355\" style=\"max-width: 670px;\" class=\"ml-slider-3-37-0 metaslider metaslider-flex metaslider-355 ml-slider ms-theme-default nav-hidden\" role=\"region\" aria-roledescription=\"Slideshow\" aria-label=\"Slideshow\">\n    <div id=\"metaslider_container_355\">\n        <div id=\"metaslider_355\">\n            <ul aria-live=\"polite\" class=\"slides\">\n                <li style=\"display: block; width: 100%;\" class=\"slide-356 ms-image\" aria-roledescription=\"slide\" aria-label=\"slide-356\"><img src=\"https:\/\/laurapitluk.com.ar\/wps\/wp-content\/uploads\/2014\/09\/gallego1-598x125.jpg\" height=\"140\" width=\"670\" alt=\"\" class=\"slider-355 slide-356\" \/><\/li>\n                <li style=\"display: none; width: 100%;\" class=\"slide-357 ms-image\" aria-roledescription=\"slide\" aria-label=\"slide-357\"><img src=\"https:\/\/laurapitluk.com.ar\/wps\/wp-content\/uploads\/2014\/09\/gallego2-631x132.jpg\" height=\"140\" width=\"670\" alt=\"\" class=\"slider-355 slide-357\" \/><\/li>\n            <\/ul>\n        <\/div>\n        \n    <\/div>\n<\/div><\/p>\n<p class=\"Estilo49\" style=\"text-align: justify;\" align=\"justify\">He perdido a mi hombre amado, a mi compa\u00f1ero, al sost\u00e9n de muchos de los aspectos de mi vida acelerada; he perdido su sonrisa, su mirada, su mano de hombre fuerte apretando con amor la m\u00eda en los mejores momentos y en los m\u00e1s dif\u00edciles, en lo cotidiano, en el cuidado de mi salud, hasta en el mate de esa \u00faltima ma\u00f1ana en la que al igual que todos los d\u00edas nos dijimos cuanto nos am\u00e1bamos.<\/p>\n<p class=\"Estilo49\" style=\"text-align: justify;\" align=\"justify\">Hace algo m\u00e1s de un a\u00f1o un desgraciado accidente lo cambi\u00f3 para siempre desde lo f\u00edsico y desde su estado de \u00e1nimo, y no pudo recuperarse. Los \u00faltimos meses fueron de intenso dolor y preocupaci\u00f3n por sostener su tratamiento y sus inmensos esfuerzos por mejorarse para m\u00ed y para Mishu, como \u00e9l mismo siempre dec\u00eda.<\/p>\n<p class=\"Estilo49\" style=\"text-align: justify;\" align=\"justify\">Como todos saben perder a un ser amado es lo peor que sucede en esta vida tantas veces incomprensible e injusta.<br \/>\nMe queda un vac\u00edo que me atraviesa las entra\u00f1as, un dolor que atraviesa el tiempo y el espacio, una profunda tristeza y el coraz\u00f3n destrozado por una p\u00e9rdida irreparable. Pero me quedan los mejores recuerdos de un amor que no modific\u00f3 ni su entrega ni su intensidad con el paso de los a\u00f1os ni las piedras del camino.<\/p>\n<p class=\"Estilo49\" style=\"text-align: justify;\" align=\"justify\">Por supuesto y por sobre todo me queda mi hija Mishu, compa\u00f1era de ruta, el sol de mis ma\u00f1anas, la raz\u00f3n de vivir mi vida ayer, hoy y siempre, que se merece y necesita lo mejor de m\u00ed, oculto ahora en el dolor profundo que me invade.<br \/>\nMe quedan mi familia y mis amigos, mi Pap\u00e1 Palomo y mi Mam\u00e1 Flori, nuestro Javi, nuestro Gabi, mis hermanos, sobrinos y cu\u00f1ados, mis primos y t\u00edas, santa In\u00e9s y mis fundamentales\u00a0 amigos-hermanos y amigos, red de sost\u00e9n que siempre hizo y hace todo posible sin quienes la vida no ser\u00eda vida.<br \/>\nMe quedan mis alumnos, docentes y directivos queridos con quienes comparto las b\u00fasquedas y encuentros educativos, mis compa\u00f1eros de trabajo cercanos con quienes comparto las luchas y logros.<br \/>\nTodos me han acompa\u00f1ado desde siempre y me han sostenido en el dif\u00edcil proceso de los \u00faltimos tiempos.<\/p>\n<p class=\"Estilo49\" style=\"text-align: justify;\" align=\"justify\">Me sostuvieron y me sostienen adem\u00e1s mi fascinado amor y compromiso por mi profesi\u00f3n y mi trabajo que le dan un sentido muy especial a mi vida y le imprimen esperanzas y significados a mis mejores ideas y deseos. Dentro de esa profesi\u00f3n est\u00e1n los jardines, los docentes, los directivos, los talleres, las propuestas educativas, los escritos y especialmente esos ni\u00f1os peque\u00f1os para los cuales desde hace 30 a\u00f1os dedico tanto de mi vida, mis ideas y mis b\u00fasquedas.<\/p>\n<p class=\"Estilo49\" style=\"text-align: justify;\" align=\"justify\">Comenzar\u00e9 a recorrer nuevamente el camino de la vida por todo esto que me queda, porque mi trabajo siempre me vuelve a las mejores cosas y me sana, porque pese a lo sucedido sigo creyendo en que el mundo puede cambiarse y las b\u00fasquedas tienen sentido, y fundamentalmente porque Mishu as\u00ed lo necesita y porque Mi Gallego quisiera seguir mir\u00e1ndome fascinado y orgulloso continuar haciendo cosas para que la educaci\u00f3n sea cada d\u00eda un poco mejor, y tal vez (ojala) desde alg\u00fan lugar a\u00fan est\u00e9 haci\u00e9ndolo.<\/p>\n<p class=\"Estilo49\" style=\"text-align: justify;\" align=\"justify\">Seguir\u00e9 necesit\u00e1ndolos para continuar recorriendo el camino, porque como digo siempre, la vida s\u00f3lo tiene sentido si se vive junto a los otros.<\/p>\n<p class=\"Estilo49\" style=\"text-align: center;\" align=\"justify\"><div id=\"metaslider-id-377\" style=\"max-width: 510px;\" class=\"ml-slider-3-37-0 metaslider metaslider-flex metaslider-377 ml-slider ms-theme-default nav-hidden nav-hidden\" role=\"region\" aria-roledescription=\"Slideshow\" aria-label=\"Slideshow\">\n    <div id=\"metaslider_container_377\">\n        <div id=\"metaslider_377\">\n            <ul aria-live=\"polite\" class=\"slides\">\n                <li style=\"display: block; width: 100%;\" class=\"slide-378 ms-image\" aria-roledescription=\"slide\" aria-label=\"slide-378\"><img src=\"https:\/\/laurapitluk.com.ar\/wps\/wp-content\/uploads\/2014\/09\/gallego3-496x404.jpg\" height=\"415\" width=\"510\" alt=\"\" class=\"slider-377 slide-378\" \/><\/li>\n                <li style=\"display: none; width: 100%;\" class=\"slide-380 ms-image\" aria-roledescription=\"slide\" aria-label=\"slide-380\"><img src=\"https:\/\/laurapitluk.com.ar\/wps\/wp-content\/uploads\/2014\/09\/gallego4-490x399.jpg\" height=\"415\" width=\"510\" alt=\"\" class=\"slider-377 slide-380\" \/><\/li>\n                <li style=\"display: none; width: 100%;\" class=\"slide-381 ms-image\" aria-roledescription=\"slide\" aria-label=\"slide-381\"><img src=\"https:\/\/laurapitluk.com.ar\/wps\/wp-content\/uploads\/2014\/09\/gallego5-490x399.jpg\" height=\"415\" width=\"510\" alt=\"\" class=\"slider-377 slide-381\" \/><\/li>\n                <li style=\"display: none; width: 100%;\" class=\"slide-382 ms-image\" aria-roledescription=\"slide\" aria-label=\"slide-382\"><img src=\"https:\/\/laurapitluk.com.ar\/wps\/wp-content\/uploads\/2014\/09\/gallego6-490x399.jpg\" height=\"415\" width=\"510\" alt=\"\" class=\"slider-377 slide-382\" \/><\/li>\n            <\/ul>\n        <\/div>\n        \n    <\/div>\n<\/div><\/p>\n","protected":false},"excerpt":{"rendered":"<p>He perdido a mi hombre amado, a mi compa\u00f1ero, al sost\u00e9n de muchos de los aspectos de mi vida acelerada;&#46;&#46;&#46;<\/p>\n","protected":false},"author":2,"featured_media":0,"parent":0,"menu_order":0,"comment_status":"open","ping_status":"open","template":"","meta":{"ngg_post_thumbnail":0,"footnotes":""},"_links":{"self":[{"href":"https:\/\/laurapitluk.com.ar\/wps\/wp-json\/wp\/v2\/pages\/12"}],"collection":[{"href":"https:\/\/laurapitluk.com.ar\/wps\/wp-json\/wp\/v2\/pages"}],"about":[{"href":"https:\/\/laurapitluk.com.ar\/wps\/wp-json\/wp\/v2\/types\/page"}],"author":[{"embeddable":true,"href":"https:\/\/laurapitluk.com.ar\/wps\/wp-json\/wp\/v2\/users\/2"}],"replies":[{"embeddable":true,"href":"https:\/\/laurapitluk.com.ar\/wps\/wp-json\/wp\/v2\/comments?post=12"}],"version-history":[{"count":16,"href":"https:\/\/laurapitluk.com.ar\/wps\/wp-json\/wp\/v2\/pages\/12\/revisions"}],"predecessor-version":[{"id":385,"href":"https:\/\/laurapitluk.com.ar\/wps\/wp-json\/wp\/v2\/pages\/12\/revisions\/385"}],"wp:attachment":[{"href":"https:\/\/laurapitluk.com.ar\/wps\/wp-json\/wp\/v2\/media?parent=12"}],"curies":[{"name":"wp","href":"https:\/\/api.w.org\/{rel}","templated":true}]}}