{"id":327,"date":"2014-10-10T18:08:37","date_gmt":"2014-10-10T21:08:37","guid":{"rendered":"https:\/\/laurapitluk.com.ar\/wps\/?page_id=327"},"modified":"2022-01-09T17:34:25","modified_gmt":"2022-01-09T20:34:25","slug":"articulos","status":"publish","type":"page","link":"https:\/\/laurapitluk.com.ar\/wps\/articulos\/","title":{"rendered":"Art\u00edculos"},"content":{"rendered":"<h5>Power de las conferencias:<\/h5>\n<ul>\n<li><strong>Conferencia: \u00abLas pr\u00e1cticas actuales en el Nivel Inicial\u00bb<\/strong> <a href=\"http:\/\/www.laurapitluk.com.ar\/Articulos\/LAS_PRACTICAS_ACTUALES_EN_LA_ED_INICIAL.pdf\" target=\"_blank\" rel=\"noopener noreferrer\">Leer<\/a><\/li>\n<\/ul>\n<ul>\n<li><strong>Conferencia \u00abLa planificaci\u00f3n y la evaluaci\u00f3n en el Nivel Inicial\u00bb<\/strong> <a href=\"http:\/\/www.laurapitluk.com.ar\/2015\/La_planificacion_y_la_evaluacion_en_el_Nivel_Inicial.pdf\" target=\"_blank\" rel=\"noopener noreferrer\">Leer<\/a><\/li>\n<\/ul>\n<ul>\n<li><strong>Conferencia \u00abProblem\u00e1ticas actuales de la Educaci\u00f3n Inicial\u00bb<\/strong> <a href=\"http:\/\/www.laurapitluk.com.ar\/2015\/Problematicas_actuales_de_la_educacion_inicial.pdf\" target=\"_blank\" rel=\"noopener noreferrer\">Leer<\/a><\/li>\n<\/ul>\n<ul>\n<li><strong>Conferencia \u00abLa modalidad de Taller en&nbsp;la Educaci\u00f3n Inicial\u00bb<\/strong> <a href=\"http:\/\/www.laurapitluk.com.ar\/2015\/TALLERES_2015.pdf\" target=\"_blank\" rel=\"noopener noreferrer\">Leer<\/a><\/li>\n<\/ul>\n<ul>\n<li><strong>Conferencia \u00abLa planificaci\u00f3n&nbsp;en Nivel&nbsp;Inicial\u00bb<\/strong> <a href=\"http:\/\/www.laurapitluk.com.ar\/Articulos\/2016-La_planificacion_en_el_Nivel_Inicial.pdf\" target=\"_blank\" rel=\"noopener noreferrer\">Leer<\/a><\/li>\n<\/ul>\n<ul>\n<li><strong>Conferencia \u00abLa planificaci\u00f3n en el Nivel Primario\u00bb<\/strong> <a href=\"http:\/\/www.laurapitluk.com.ar\/Articulos\/2016_La_planificacion_en_el_Nivel_Primario .pdf\" target=\"_blank\" rel=\"noopener noreferrer\">Leer<\/a><\/li>\n<\/ul>\n<ul>\n<li><strong>Conferencia \u00abDesafiando la educaci\u00f3n en el Jard\u00edn Maternal\u00bb<\/strong> <a href=\"http:\/\/www.laurapitluk.com.ar\/Articulos\/Conferencia_JM_2017.pdf\" target=\"_blank\" rel=\"noopener noreferrer\">Leer<\/a><\/li>\n<\/ul>\n<ul>\n<li><strong>Conferencia \u00abJuego Trabajo y Talleres\u00bb<\/strong> <a href=\"http:\/\/www.laurapitluk.com.ar\/Articulos\/conferenciaJuegoTrabajoyTalleres.pdf\" target=\"_blank\" rel=\"noopener noreferrer\">Leer<\/a><\/li>\n<\/ul>\n<ul>\n<li><strong>Conferencia \u00abLa evaluaci\u00f3n educativa: sus especificidades\u00bb<\/strong> <a href=\"https:\/\/laurapitluk.com.ar\/wps\/wp-content\/uploads\/2014\/09\/EVALUACION-inicialyprimaria.pdf\" target=\"_blank\" rel=\"noopener noreferrer\">Leer<\/a><\/li>\n<\/ul>\n<ul>\n<li><strong>Conferencia \u00abArticulaci\u00f3n inter e intra niveles\u00bb<\/strong> <a href=\"https:\/\/laurapitluk.com.ar\/wps\/wp-content\/uploads\/2014\/09\/ARTICULACION.pdf\" target=\"_blank\" rel=\"noopener noreferrer\">Leer<\/a><\/li>\n<\/ul>\n<p>&nbsp;<\/p>\n<h5>Art\u00edculos de autor\u00eda de la LIC. LAURA PITLUK<\/h5>\n<ul>\n<li>\n<p class=\"entry-title\"><span style=\"color: #000000;\"><strong>Los irrenunciables de la educaci\u00f3n inicial: pensando en las infancias, la ense\u00f1anza y las intervenciones. Algunas propuestas a modo de ejemplo. <\/strong>Revista Conexi\u00f3n docente. <a href=\"http:\/\/conexiondocente.com.ar\/los-irrenunciables-de-la-educacion-inicial-pensando-en-las-infancias-la-ensenanza-y-las-intervenciones-algunas-propuestas-a-modo-de-ejemplo\/\" target=\"_blank\" rel=\"noopener\">Leer<\/a><\/span><\/p>\n<\/li>\n<li>\n<p class=\"entry-title\"><span style=\"color: #000000;\"><strong>Las infancias y las concepciones educativas, la educaci\u00f3n y las escuelas: historias y actualidad. <\/strong>Revista Conexi\u00f3n docente. <a href=\"http:\/\/conexiondocente.com.ar\/las-infancias-y-las-concepciones-educativas-la-educacion-y-las-escuelas-historias-y-actualidad\/\" target=\"_blank\" rel=\"noopener\">Leer<\/a><\/span><\/p>\n<\/li>\n<li>\n<p class=\"entry-title\"><span style=\"color: #000000;\"><strong>La educaci\u00f3n en el contexto actual: continuidades y articulaciones posibles. <\/strong>Revista Conexi\u00f3n docente. <a href=\"http:\/\/conexiondocente.com.ar\/la-educacion-en-el-contexto-actual-continuidades-y-articulaciones-posibles\/\" target=\"_blank\" rel=\"noopener\">Leer<\/a><\/span><\/p>\n<\/li>\n<li class=\"entry-title\"><span style=\"color: #000000;\"><span style=\"color: #000000;\"><strong>La educaci\u00f3n en tiempos de pandemia\u2026 lo que el viento no se llev\u00f3.<\/strong> Revista Conexi\u00f3n docente. <a href=\"http:\/\/conexiondocente.com.ar\/la-educacion-en-tiempos-de-pandemia-lo-que-el-viento-no-se-llevo\/\" target=\"_blank\" rel=\"noopener noreferrer\">Leer<\/a><\/span><\/span><\/li>\n<\/ul>\n<ul>\n<li><span style=\"color: #000000;\"><span style=\"color: #000000;\"><strong>El retorno a lo escolar presencial&#8230; &lt;&lt;Regreso con gloria&gt;&gt;<\/strong>&nbsp;Revista Conexi\u00f3n docente. <a href=\"http:\/\/conexiondocente.com.ar\/el-retorno-a-lo-escolar-presencial-regreso-con-gloria\/\" target=\"_blank\" rel=\"noopener noreferrer\">Leer<\/a><\/span><\/span><\/li>\n<\/ul>\n<ul>\n<li class=\"entry-title\"><span style=\"color: #000000;\"><span style=\"color: #000000;\"><strong>Los educadores en el nivel inicial\u2026 lo educativo \u2014lo afectivo\u2014 y lo \u00e9tico. <\/strong>Revista Conexi\u00f3n docente. <a href=\"http:\/\/conexiondocente.com.ar\/los-educadores-en-el-nivel-inicial-lo-educativo-lo-afectivo-y-lo-etico\/\" target=\"_blank\" rel=\"noopener noreferrer\">Leer<\/a><\/span><\/span><\/li>\n<\/ul>\n<ul>\n<li class=\"entry-title\"><span style=\"color: #000000;\"><strong>Continuidades entre la presencialidad y la virtualidad \u00bfModalidades educativas mixtas? <\/strong>Revista Conexi\u00f3n docente.<\/span> <a href=\"http:\/\/conexiondocente.com.ar\/continuidades-entre-la-presencialidad-y-la-virtualidad-modalidades-educativas-mixtas\/\" target=\"_blank\" rel=\"noopener\">Leer<\/a><\/li>\n<\/ul>\n<ul>\n<li><span style=\"color: #000000;\"><strong>Desaf\u00edos de la educaci\u00f3n inicial en la actualidad\u2026 Permanencias y novedades. <\/strong>Revista Conexi\u00f3n docente.<\/span> <a href=\"http:\/\/conexiondocente.com.ar\/desafios-educacion-inicial-en-la-actualidad\/\" target=\"_blank\" rel=\"noopener\">Leer<\/a><\/li>\n<\/ul>\n<ul>\n<li><span style=\"color: #000000;\"><strong>Retomando nuestro enfoque educativo y nuestros haceres\u2026 sosteniendo lo necesario y modificando lo pertinente. <\/strong>Revista Conexi\u00f3n docente.<\/span> <a href=\"http:\/\/conexiondocente.com.ar\/retomando-nuestro-enfoque-educativo-y-nuestros-haceres-sosteniendo-lo-necesario-y-modificando-lo-pertinente\/\" target=\"_blank\" rel=\"noopener\">Leer<\/a><\/li>\n<\/ul>\n<ul>\n<li><span style=\"color: #000000;\"><strong>Continuidades entre la presencialidad y la virtualidad \u00bfModalidades educativas mixtas? <\/strong>Revista Conexi\u00f3n docente.<\/span> <a href=\"http:\/\/conexiondocente.com.ar\/continuidades-entre-la-presencialidad-y-la-virtualidad-modalidades-educativas-mixtas\/\" target=\"_blank\" rel=\"noopener\">Leer<\/a><\/li>\n<\/ul>\n<ul>\n<li><strong><span style=\"color: #000000;\">La articulaci\u00f3n en la educaci\u00f3n: puentes construidos y por construir desde las actualizaciones pendientes. <\/span><\/strong><span style=\"color: #000000;\">Revista Conexi\u00f3n docente.<\/span> <a href=\"http:\/\/conexiondocente.com.ar\/la-articulacion-en-la-educacion-puentes-construidos-y-por-construir-desde-las-actualizaciones-pendientes\/\" target=\"_blank\" rel=\"noopener\">Leer<\/a><\/li>\n<\/ul>\n<ul>\n<li><span style=\"color: #000000;\"><strong>La mirada sobre lo grupal: sost\u00e9n de las propuestas pedag\u00f3gicas.<\/strong> Revista Conexi\u00f3n docente. <a href=\"http:\/\/conexiondocente.com.ar\/la-mirada-sobre-lo-grupal-sosten-de-las-propuestas-pedagogicas\/\" target=\"_blank\" rel=\"noopener\">Leer<\/a><\/span><\/li>\n<\/ul>\n<ul>\n<li><span style=\"color: #000000;\"><strong>Las escuelas, las infancias y la historia escolar: cimentaci\u00f3n de identidades. <\/strong>Revista Conexi\u00f3n docente.<\/span>&nbsp;<a href=\"http:\/\/conexiondocente.com.ar\/las-escuelas-las-infancias-y-la-historia-escolar-cimentacion-de-identidades\/\" target=\"_blank\" rel=\"noopener\">Leer<\/a><\/li>\n<\/ul>\n<ul>\n<li><span style=\"color: #000000;\"><strong>Los educadores y el trabajo en equipo: urgencias y desaf\u00edos. <\/strong>Revista Conexi\u00f3n docente.<\/span>&nbsp;<a href=\"http:\/\/conexiondocente.com.ar\/los-educadores-y-el-trabajo-en-equipo-urgencias-y-desafios\/\" target=\"_blank\" rel=\"noopener\">Leer<\/a><\/li>\n<\/ul>\n<p>&nbsp;<\/p>\n<ul>\n<li><strong><span class=\"Estilo8\"><span class=\"Estilo6\">El per\u00edodo de inicio en el Nivel Inicial<\/span><\/span><\/strong><span class=\"Estilo2\"><strong>.<\/strong> <a href=\"http:\/\/www.laurapitluk.com.ar\/Articulos\/Articulo2010a.pdf\" target=\"_blank\" rel=\"noopener noreferrer\">Leer<\/a><\/span><\/li>\n<\/ul>\n<ul>\n<li><span class=\"Estilo9\"><strong>El per\u00edodo de Inicio en el Nivel Inicial. <\/strong>\u00bfUn problema o una necesidad? \u00bfUn mal necesario? <a href=\"http:\/\/www.laurapitluk.com.ar\/Articulos\/articulo4.pdf\" target=\"_blank\" rel=\"noopener noreferrer\">Leer<\/a><\/span><\/li>\n<\/ul>\n<ul>\n<li><strong>Problem\u00e1ticas actuales del Jard\u00edn Maternal:<\/strong> confrontaciones, contradicciones y posibles soluciones. <a href=\"http:\/\/www.laurapitluk.com.ar\/Articulos\/articulo6.pdf\" target=\"_blank\" rel=\"noopener noreferrer\">Leer<\/a><\/li>\n<\/ul>\n<ul>\n<li><strong>Programa Especial de Renovaci\u00f3n Pedag\u00f3gica en el Jard\u00edn Maternal del IES \u00abJuan B. Justo\u00bb. <\/strong><br \/>\nProyecto: \u00abInnovando las pr\u00e1cticas en el Jard\u00edn Maternal\u00bb 1\u00ba parte. <a href=\"http:\/\/www.laurapitluk.com.ar\/Articulos\/articulo3.pdf\" target=\"_blank\" rel=\"noopener noreferrer\">Leer<\/a><\/li>\n<\/ul>\n<ul>\n<li><strong>Conversando con Luc\u00eda Moreau de Linares.<\/strong> <a href=\"http:\/\/www.laurapitluk.com.ar\/Articulos\/articulo8.pdf\" target=\"_blank\" rel=\"noopener noreferrer\">Leer<\/a><\/li>\n<\/ul>\n<ul>\n<li><strong>El Jard\u00edn Maternal como un espacio de ense\u00f1anza y aprendizaje.<\/strong> <a href=\"http:\/\/www.laurapitluk.com.ar\/Articulos\/articulo10.pdf\" target=\"_blank\" rel=\"noopener noreferrer\">Leer<\/a><\/li>\n<\/ul>\n<ul>\n<li><strong>El Nivel Inicial como modelo educativo: <\/strong>qu\u00e9 tiene, puede y debe ense\u00f1ar el jard\u00edn para una infancia feliz. <a href=\"http:\/\/www.laurapitluk.com.ar\/Articulos\/2010ArticuloConferenciaPortal.pdf\" target=\"_blank\" rel=\"noopener noreferrer\">Leer<\/a><\/li>\n<\/ul>\n<ul>\n<li><strong><span class=\"Estilo9\">Los educadores de hoy priorizando a la infancia. <\/span><\/strong><span class=\"Estilo9\">Desencuentros, desaf\u00edos y encuentros. <a href=\"http:\/\/www.laurapitluk.com.ar\/Articulos\/2010ArticuloConferenciaVeterinaria.pdf\" target=\"_blank\" rel=\"noopener noreferrer\">Leer<\/a><\/span><\/li>\n<\/ul>\n<ul>\n<li><strong>Reflexionando sobre la planificaci\u00f3n y la observaci\u00f3n en la Educaci\u00f3n Inicial:<\/strong> la importancia de las secuencias did\u00e1cticas y el an\u00e1lisis de las propuestas de ense\u00f1anza. <a href=\"http:\/\/www.laurapitluk.com.ar\/Articulos\/LauraPitluk_reflexionando.pdf\" target=\"_blank\" rel=\"noopener noreferrer\">Leer<\/a><\/li>\n<\/ul>\n<p>&nbsp;<\/p>\n<h5>Art\u00edculos recomendados de otros autores<\/h5>\n<ul>\n<li><span style=\"text-decoration: underline;\"><strong>Narraci\u00f3n oral:<\/strong><\/span> <strong>Espacio privilegiado de la fantas\u00eda. <\/strong>Prof. Lorena Gonz\u00e1lez Orellana. <a href=\"http:\/\/www.laurapitluk.com.ar\/Articulos\/ArticuloOtros1.pdf\" target=\"_blank\" rel=\"noopener noreferrer\">Leer<\/a><\/li>\n<\/ul>\n<ul>\n<li><strong>Los valores y la educaci\u00f3n. <\/strong>Lic. Laura Ismach. <a href=\"http:\/\/www.laurapitluk.com.ar\/Articulos\/ArticuloOtros2.pdf\" target=\"_blank\" rel=\"noopener noreferrer\">Leer<\/a><\/li>\n<\/ul>\n<ul>\n<li><strong>Juego dram\u00e1tico centralizado. <\/strong>Lic. Mar\u00eda Jos\u00e9 Fra. <a href=\"http:\/\/www.laurapitluk.com.ar\/Articulos\/FRA-JuegoCentralizado.pdf\" target=\"_blank\" rel=\"noopener noreferrer\">Leer<\/a><\/li>\n<\/ul>\n<ul>\n<li><strong>Consideraciones sobre el abordaje de la Educaci\u00f3n Sexual con ni\u00f1os peque\u00f1os. <\/strong>Lic. Rosa Windler. <a href=\"http:\/\/www.laurapitluk.com.ar\/Articulos\/RosaWindler-EdSexual.pdf\" target=\"_blank\" rel=\"noopener noreferrer\">Leer<\/a><\/li>\n<\/ul>\n<ul>\n<li><strong>Propuestas de Ciencias Sociales en el Jard\u00edn de Infantes: los trabajos&nbsp;y ocupaciones. <\/strong>Mar\u00eda Fernanda Ber\u00f3n. <a href=\"http:\/\/www.laurapitluk.com.ar\/Articulos\/TRABAJOS_Y_OCUPACIONES_MBERON.pdf\" target=\"_blank\" rel=\"noopener noreferrer\">Leer<\/a><\/li>\n<\/ul>\n<ul>\n<li><strong>\u00bfC\u00f3mo organizar una sala de beb\u00e9s?<\/strong> Ana Lia Bruno y Alejandra Galvagno. <a href=\"http:\/\/www.laurapitluk.com.ar\/Articulos\/Articulo_Bruno_y_Galvano.pdf\" target=\"_blank\" rel=\"noopener noreferrer\">Leer<\/a><\/li>\n<\/ul>\n<ul>\n<li><strong>Algunas preguntas y algunas respuestas sobre: Juego-Trabajo y Unidad Did\u00e1ctica. <\/strong>Lic. Noem\u00ed Burgos. <a href=\"http:\/\/www.laurapitluk.com.ar\/Articulos\/Noemi_Burgos_1.pdf\" target=\"_blank\" rel=\"noopener noreferrer\">Leer<\/a><\/li>\n<\/ul>\n<ul>\n<li><strong>De la resoluci\u00f3n de problemas en el espacio f\u00edsico a la resoluci\u00f3n de problemas matem\u00e1ticos. <\/strong>Lic. Edith Weinstein. <a href=\"http:\/\/www.laurapitluk.com.ar\/Articulos\/Matematica_Espacio.pdf\" target=\"_blank\" rel=\"noopener noreferrer\">Leer<\/a><\/li>\n<\/ul>\n<p>&nbsp;<\/p>\n<h5><strong>Links sugeridos<\/strong><\/h5>\n<ul>\n<li>Sitio web del Gobierno de la Ciudad de Buenos Aires con los documentos pedag\u00f3gicos del \u00e1rea inicial. <a href=\"http:\/\/www.buenosaires.gob.ar\/areas\/educacion\/curricula\/inicial.php\" target=\"_blank\" rel=\"noopener noreferrer\">Leer<\/a><\/li>\n<\/ul>\n<ul>\n<li>Un Jard\u00edn Maternal pleno de posibilidades educativas. <a href=\"https:\/\/www.buenosaires.gob.ar\/sites\/gcaba\/files\/ni-jardin-maternal_0.pdf\" target=\"_blank\" rel=\"noopener noreferrer\">Leer<\/a><\/li>\n<\/ul>\n<ul>\n<li>La jornada completa en la Educaci\u00f3n Inicial. <a href=\"http:\/\/www.laurapitluk.com.ar\/2015\/Jornada_completa.pdf\" target=\"_blank\" rel=\"noopener noreferrer\">Leer<\/a><\/li>\n<\/ul>\n<ul>\n<li>Salas Multiedad en la Educaci\u00f3n Inicial. <a href=\"http:\/\/www.laurapitluk.com.ar\/2015\/Salas_Multiedad.pdf\" target=\"_blank\" rel=\"noopener noreferrer\">Leer<\/a><\/li>\n<\/ul>\n","protected":false},"excerpt":{"rendered":"<p>Power de las conferencias: Conferencia: \u00abLas pr\u00e1cticas actuales en el Nivel Inicial\u00bb Leer Conferencia \u00abLa planificaci\u00f3n y la evaluaci\u00f3n en&#46;&#46;&#46;<\/p>\n","protected":false},"author":2,"featured_media":0,"parent":0,"menu_order":0,"comment_status":"closed","ping_status":"closed","template":"","meta":{"ngg_post_thumbnail":0,"footnotes":""},"_links":{"self":[{"href":"https:\/\/laurapitluk.com.ar\/wps\/wp-json\/wp\/v2\/pages\/327"}],"collection":[{"href":"https:\/\/laurapitluk.com.ar\/wps\/wp-json\/wp\/v2\/pages"}],"about":[{"href":"https:\/\/laurapitluk.com.ar\/wps\/wp-json\/wp\/v2\/types\/page"}],"author":[{"embeddable":true,"href":"https:\/\/laurapitluk.com.ar\/wps\/wp-json\/wp\/v2\/users\/2"}],"replies":[{"embeddable":true,"href":"https:\/\/laurapitluk.com.ar\/wps\/wp-json\/wp\/v2\/comments?post=327"}],"version-history":[{"count":58,"href":"https:\/\/laurapitluk.com.ar\/wps\/wp-json\/wp\/v2\/pages\/327\/revisions"}],"predecessor-version":[{"id":2912,"href":"https:\/\/laurapitluk.com.ar\/wps\/wp-json\/wp\/v2\/pages\/327\/revisions\/2912"}],"wp:attachment":[{"href":"https:\/\/laurapitluk.com.ar\/wps\/wp-json\/wp\/v2\/media?parent=327"}],"curies":[{"name":"wp","href":"https:\/\/api.w.org\/{rel}","templated":true}]}}