{"id":8,"date":"2014-10-07T17:36:55","date_gmt":"2014-10-07T17:36:55","guid":{"rendered":"https:\/\/laurapitluk.com.ar\/wps\/?page_id=8"},"modified":"2024-06-03T17:11:10","modified_gmt":"2024-06-03T20:11:10","slug":"trayectoria-profesional","status":"publish","type":"page","link":"https:\/\/laurapitluk.com.ar\/wps\/trayectoria-profesional\/","title":{"rendered":"Trayectoria profesional"},"content":{"rendered":"<p style=\"text-align: center;\"><div id=\"metaslider-id-79\" style=\"max-width: 642px;\" class=\"ml-slider-3-37-0 metaslider metaslider-flex metaslider-79 ml-slider ms-theme-default nav-hidden\" role=\"region\" aria-roledescription=\"Slideshow\" aria-label=\"Slideshow\">\n    <div id=\"metaslider_container_79\">\n        <div id=\"metaslider_79\">\n            <ul aria-live=\"polite\" class=\"slides\">\n                <li style=\"display: block; width: 100%;\" class=\"slide-82 ms-image\" aria-roledescription=\"slide\" aria-label=\"slide-82\"><img src=\"https:\/\/laurapitluk.com.ar\/wps\/wp-content\/uploads\/2014\/09\/trayectoria01-545x119.jpg\" height=\"140\" width=\"642\" alt=\"\" class=\"slider-79 slide-82\" \/><\/li>\n                <li style=\"display: none; width: 100%;\" class=\"slide-83 ms-image\" aria-roledescription=\"slide\" aria-label=\"slide-83\"><img src=\"https:\/\/laurapitluk.com.ar\/wps\/wp-content\/uploads\/2014\/09\/trayectoria02-605x132.jpg\" height=\"140\" width=\"642\" alt=\"\" class=\"slider-79 slide-83\" \/><\/li>\n            <\/ul>\n        <\/div>\n        \n    <\/div>\n<\/div><\/p>\n<ul>\n<li>Especialista en Nivel Inicial. Profesora de Educaci\u00f3n Preescolar.<\/li>\n<li><span style=\"font-weight: 400;\">Lic. <\/span>y Profesora en Ciencias de la Educaci\u00f3n egresada de la UBA.<\/li>\n<li>Especialista en Did\u00e1ctica egresada de la UBA. Asesora de instituciones educativas.<\/li>\n<li>Capacitadora en la Escuela de Capacitaci\u00f3n Docente\/Escuela de Maestros perteneciente al Gobierno de la Ciudad de Buenos Aires desde 1996 a 2020.<\/li>\n<li>Capacitadora en la Direcci\u00f3n de Educaci\u00f3n Inicial perteneciente al Gobierno de la Ciudad de Buenos Aires desde 2005 a 2020.<\/li>\n<li>Coordinadora del Taller de Construcci\u00f3n de las Pr\u00e1cticas Profesionales y Profesora en diversas asignaturas y talleres en el Instituto Superior del Profesorado de Educaci\u00f3n Inicial \u201cS. C. de Eccleston\u201d perteneciente al Gobierno de la Ciudad de Buenos Aires desde 1992 al 2020.<\/li>\n<li>Ex Rectora del Instituto de Educaci\u00f3n Superior \u201cJ.B. Justo\u201d perteneciente al Gobierno de la Ciudad de Buenos Aires.<\/li>\n<li><span style=\"font-weight: 400;\">Consultora en el Ministerio de Educaci\u00f3n de la Naci\u00f3n para el fortalecimiento de la Educaci\u00f3n Inicial y al apoyo t\u00e9cnico a las Provincias para la formulaci\u00f3n de los Dise\u00f1os Curriculares para Jard\u00edn Maternal en 2008 y 2009.<\/span><\/li>\n<li>Expositora en diversos congresos, conferencias y encuentros educativos en toda Argentina y en el exterior.&nbsp;&nbsp;<\/li>\n<li><span style=\"font-weight: 400;\">Capacitadora y Coordinadora de diversos congresos, eventos, cursos y encuentros educativos en toda Argentina y en el exterior.<\/span><\/li>\n<li>Asesora de diversos dise\u00f1os curriculares y post\u00edtulos.&nbsp;<\/li>\n<li>Autora de numerosos art\u00edculos de la Colecci\u00f3n \u201c0 a 5: La educaci\u00f3n en los primeros a\u00f1os\u201d Editorial Novedades Educativas y de la Revista Educativa \u201cLa Obra\u201d, entre otros.<\/li>\n<li>Autora de los libros \u201cLa Planificaci\u00f3n did\u00e1ctica en el Jard\u00edn de Infantes: una herramienta para repensar y enriquecer la tarea. Las unidades did\u00e1cticas, los proyectos y las secuencias did\u00e1cticas. \u201cEl Juego-Trabajo\u201d, \u201cEducar en el Jard\u00edn Maternal: ense\u00f1ar y aprender de 0 a 3 a\u00f1os\u201d, \u201cLa Modalidad de Taller en el Nivel Inicial\u201d \u201cLas Pr\u00e1cticas actuales en la Educaci\u00f3n Inicial: sentidos, sin sentidos y posibles l\u00edneas de acci\u00f3n\u201d.<\/li>\n<li>Coordinadora y coautora de los libros \u00abM\u00e1s all\u00e1 del cuadernillo\u00bb y \u00abLas Secuencias did\u00e1cticas en el Jard\u00edn de Infantes\u00bb, \u201cLas propuestas de ense\u00f1anza y la planificaci\u00f3n en el Nivel Primario. El lugar del juego\u201d, \u201cArticulaci\u00f3n entre la Educaci\u00f3n Inicial y la Educaci\u00f3n Primaria. Continuidades y encuentros\u201d. \u201cDesaf\u00edos de educar a la primera infancia. Las propuestas de ense\u00f1anza y las Secuencias did\u00e1cticas en el Jard\u00edn Maternal\u201d, \u201cLa gesti\u00f3n escolar. El desaf\u00edo de crear contextos para hacer y estar bien\u201d, \u201cL\u00edmites, normas y autoridad. Una trama a construir\u201d.<\/li>\n<li>Directora de la Colecci\u00f3n \u201cEducaci\u00f3n Inicial\u201d de la Editorial Homo Sapiens.<\/li>\n<li>Directora de la Revista \u201cTraves\u00edas Did\u00e1cticas, creando huellas en la Educaci\u00f3n Inicial\u201d.<\/li>\n<\/ul>\n<p style=\"text-align: center;\">&nbsp;<div id=\"metaslider-id-89\" style=\"max-width: 615px;\" class=\"ml-slider-3-37-0 metaslider metaslider-flex metaslider-89 ml-slider ms-theme-default nav-hidden nav-hidden\" role=\"region\" aria-roledescription=\"Slideshow\" aria-label=\"Slideshow\">\n    <div id=\"metaslider_container_89\">\n        <div id=\"metaslider_89\">\n            <ul aria-live=\"polite\" class=\"slides\">\n                <li style=\"display: block; width: 100%;\" class=\"slide-90 ms-image\" aria-roledescription=\"slide\" aria-label=\"slide-90\"><img src=\"https:\/\/laurapitluk.com.ar\/wps\/wp-content\/uploads\/2014\/09\/trayectoria03-562x457.jpg\" height=\"500\" width=\"615\" alt=\"\" class=\"slider-89 slide-90\" \/><\/li>\n                <li style=\"display: none; width: 100%;\" class=\"slide-91 ms-image\" aria-roledescription=\"slide\" aria-label=\"slide-91\"><img src=\"https:\/\/laurapitluk.com.ar\/wps\/wp-content\/uploads\/2014\/09\/trayectoria04-541x439.jpg\" height=\"500\" width=\"615\" alt=\"\" class=\"slider-89 slide-91\" \/><\/li>\n            <\/ul>\n        <\/div>\n        \n    <\/div>\n<\/div><\/p>\n<p style=\"text-align: center;\">&nbsp;<\/p>\n","protected":false},"excerpt":{"rendered":"<p>Especialista en Nivel Inicial. Profesora de Educaci\u00f3n Preescolar. Lic. y Profesora en Ciencias de la Educaci\u00f3n egresada de la UBA.&#46;&#46;&#46;<\/p>\n","protected":false},"author":2,"featured_media":0,"parent":0,"menu_order":0,"comment_status":"open","ping_status":"open","template":"","meta":{"ngg_post_thumbnail":0,"footnotes":""},"_links":{"self":[{"href":"https:\/\/laurapitluk.com.ar\/wps\/wp-json\/wp\/v2\/pages\/8"}],"collection":[{"href":"https:\/\/laurapitluk.com.ar\/wps\/wp-json\/wp\/v2\/pages"}],"about":[{"href":"https:\/\/laurapitluk.com.ar\/wps\/wp-json\/wp\/v2\/types\/page"}],"author":[{"embeddable":true,"href":"https:\/\/laurapitluk.com.ar\/wps\/wp-json\/wp\/v2\/users\/2"}],"replies":[{"embeddable":true,"href":"https:\/\/laurapitluk.com.ar\/wps\/wp-json\/wp\/v2\/comments?post=8"}],"version-history":[{"count":38,"href":"https:\/\/laurapitluk.com.ar\/wps\/wp-json\/wp\/v2\/pages\/8\/revisions"}],"predecessor-version":[{"id":3022,"href":"https:\/\/laurapitluk.com.ar\/wps\/wp-json\/wp\/v2\/pages\/8\/revisions\/3022"}],"wp:attachment":[{"href":"https:\/\/laurapitluk.com.ar\/wps\/wp-json\/wp\/v2\/media?parent=8"}],"curies":[{"name":"wp","href":"https:\/\/api.w.org\/{rel}","templated":true}]}}